{"id":4,"date":"2023-11-06T13:17:57","date_gmt":"2023-11-06T13:17:57","guid":{"rendered":"https:\/\/b2b.startupowcy.pl\/index.php\/strona-glowna\/"},"modified":"2024-10-10T17:30:58","modified_gmt":"2024-10-10T17:30:58","slug":"strona-glowna","status":"publish","type":"page","link":"https:\/\/b2b.startupowcy.pl\/","title":{"rendered":"Oferta dla firm"},"content":{"rendered":"\r\n  <style class=\"wp-elements-6bc26bf6f141615e439124685421ffd6\">\r\n    .top-menu-content {\r\n      --logo-mobile: 24px;\r\n      --logo-tablet: 32px;\r\n      --logo-desktop: 48px;\r\n    }\r\n  <\/style>\r\n\r\n  <section id=\"top-fixed-wrap-1\"  style=\"background-color:#152050;\" class=\"top-fixed-wrapper alignfull text-align-left alignfull wp-elements-6bc26bf6f141615e439124685421ffd6 wp-block-acf-top-menu has-text-color has-white-color has-background\">\r\n    <div class=\"top-menu-content\">\r\n\r\n      <span class=\"logo\">\r\n                  <a href=\"https:\/\/b2b.startupowcy.pl\/\">\r\n                  <img decoding=\"async\" loading=\"lazy\" src=\"https:\/\/b2b.startupowcy.pl\/wp-content\/uploads\/2023\/11\/startupowcy-logo.png\" alt=\"Startupowcy\" width=\"466\" height=\"138\">\r\n        <\/a>\r\n      <\/span><!-- \/.logo -->\r\n\r\n      <nav id=\"nav\">\r\n        \n<nav class=\"is-responsive wp-block-navigation is-layout-flex wp-block-navigation-is-layout-flex\" aria-label=\"Nawigacja\" \n\t\t data-wp-interactive=\"core\/navigation\" data-wp-context='{\"overlayOpenedBy\":{\"click\":false,\"hover\":false,\"focus\":false},\"type\":\"overlay\",\"roleAttribute\":\"\",\"ariaLabel\":\"Menu\"}'><button aria-haspopup=\"dialog\" aria-label=\"Rozwi\u0144 menu\" class=\"wp-block-navigation__responsive-container-open\" \n\t\t\t\tdata-wp-on--click=\"actions.openMenuOnClick\"\n\t\t\t\tdata-wp-on--keydown=\"actions.handleMenuKeydown\"\n\t\t\t><svg width=\"24\" height=\"24\" xmlns=\"http:\/\/www.w3.org\/2000\/svg\" viewBox=\"0 0 24 24\" aria-hidden=\"true\" focusable=\"false\"><path d=\"M4 7.5h16v1.5H4z\"><\/path><path d=\"M4 15h16v1.5H4z\"><\/path><\/svg><\/button>\n\t\t\t\t<div class=\"wp-block-navigation__responsive-container\"  id=\"modal-1\" \n\t\t\t\tdata-wp-class--has-modal-open=\"state.isMenuOpen\"\n\t\t\t\tdata-wp-class--is-menu-open=\"state.isMenuOpen\"\n\t\t\t\tdata-wp-watch=\"callbacks.initMenu\"\n\t\t\t\tdata-wp-on--keydown=\"actions.handleMenuKeydown\"\n\t\t\t\tdata-wp-on--focusout=\"actions.handleMenuFocusout\"\n\t\t\t\ttabindex=\"-1\"\n\t\t\t>\n\t\t\t\t\t<div class=\"wp-block-navigation__responsive-close\" tabindex=\"-1\">\n\t\t\t\t\t\t<div class=\"wp-block-navigation__responsive-dialog\" \n\t\t\t\tdata-wp-bind--aria-modal=\"state.ariaModal\"\n\t\t\t\tdata-wp-bind--aria-label=\"state.ariaLabel\"\n\t\t\t\tdata-wp-bind--role=\"state.roleAttribute\"\n\t\t\t>\n\t\t\t\t\t\t\t<button aria-label=\"Zamknij menu\" class=\"wp-block-navigation__responsive-container-close\" \n\t\t\t\tdata-wp-on--click=\"actions.closeMenuOnClick\"\n\t\t\t><svg xmlns=\"http:\/\/www.w3.org\/2000\/svg\" viewBox=\"0 0 24 24\" width=\"24\" height=\"24\" aria-hidden=\"true\" focusable=\"false\"><path d=\"m13.06 12 6.47-6.47-1.06-1.06L12 10.94 5.53 4.47 4.47 5.53 10.94 12l-6.47 6.47 1.06 1.06L12 13.06l6.47 6.47 1.06-1.06L13.06 12Z\"><\/path><\/svg><\/button>\n\t\t\t\t\t\t\t<div class=\"wp-block-navigation__responsive-container-content\" \n\t\t\t\tdata-wp-watch=\"callbacks.focusFirstElement\"\n\t\t\t id=\"modal-1-content\">\n\t\t\t\t\t\t\t\t<ul class=\"wp-block-navigation__container is-responsive wp-block-navigation\"><li class=\" wp-block-navigation-item wp-block-navigation-link\"><a class=\"wp-block-navigation-item__content\" ><span class=\"wp-block-navigation-item__label\">Wr\u00f3\u0107 na stron\u0119 ksi\u0105\u017cki<\/span><\/a><\/li><li class=\" wp-block-navigation-item wp-block-navigation-link\"><a class=\"wp-block-navigation-item__content\" ><span class=\"wp-block-navigation-item__label\">FAQ<\/span><\/a><\/li><li class=\" wp-block-navigation-item wp-block-navigation-link\"><a class=\"wp-block-navigation-item__content\" ><span class=\"wp-block-navigation-item__label\">Kontakt<\/span><\/a><\/li><\/ul>\n\t\t\t\t\t\t\t<\/div>\n\t\t\t\t\t\t<\/div>\n\t\t\t\t\t<\/div>\n\t\t\t\t<\/div><\/nav>\n\n\n<div class=\"wp-block-buttons is-layout-flex wp-block-buttons-is-layout-flex\">\n<div class=\"wp-block-button\"><a class=\"wp-block-button__link wp-element-button\" href=\"#pakiety\"><strong>Sprawd\u017a pakiety!<\/strong><\/a><\/div>\n<\/div>\n\n\r\n      <\/nav><!-- \/#nav -->\r\n\r\n      <button class=\"nav-toggle\" aria-controls=\"mobileMenu\"><span>Menu<\/span><\/button><!-- \/.nav-toggle -->\r\n    <\/div><!-- \/.top-menu-content -->\r\n  <\/section><!-- \/.top-fixed-wrapper -->\r\n\r\n  \r\n  <div class=\"drawer js-drawer\" id=\"mobileMenu\">\r\n    <div class=\"drawer__content\" role=\"alertdialog\" aria-labelledby=\"drawer-title-1\">\r\n      <div class=\"drawer__body js-drawer__body\">\r\n        <div class=\"content\">\r\n          <button class=\"drawer__close-btn js-drawer__close js-tab-focus\">\r\n            Zamknij\r\n          <\/button>\r\n\r\n          <span class=\"logo\">\r\n            <a href=\"https:\/\/b2b.startupowcy.pl\/\">\r\n              <img decoding=\"async\" loading=\"lazy\" src=\"https:\/\/b2b.startupowcy.pl\/wp-content\/uploads\/2023\/11\/startupowcy-logo.png\" alt=\"Startupowcy\" width=\"466\" height=\"138\">\r\n            <\/a>\r\n          <\/span><!-- \/.logo -->\r\n\r\n\r\n          \n<nav class=\"is-responsive wp-block-navigation is-layout-flex wp-block-navigation-is-layout-flex\" aria-label=\"Nawigacja\" \n\t\t data-wp-interactive=\"core\/navigation\" data-wp-context='{\"overlayOpenedBy\":{\"click\":false,\"hover\":false,\"focus\":false},\"type\":\"overlay\",\"roleAttribute\":\"\",\"ariaLabel\":\"Menu\"}'><button aria-haspopup=\"dialog\" aria-label=\"Rozwi\u0144 menu\" class=\"wp-block-navigation__responsive-container-open\" \n\t\t\t\tdata-wp-on--click=\"actions.openMenuOnClick\"\n\t\t\t\tdata-wp-on--keydown=\"actions.handleMenuKeydown\"\n\t\t\t><svg width=\"24\" height=\"24\" xmlns=\"http:\/\/www.w3.org\/2000\/svg\" viewBox=\"0 0 24 24\" aria-hidden=\"true\" focusable=\"false\"><path d=\"M4 7.5h16v1.5H4z\"><\/path><path d=\"M4 15h16v1.5H4z\"><\/path><\/svg><\/button>\n\t\t\t\t<div class=\"wp-block-navigation__responsive-container\"  id=\"modal-1\" \n\t\t\t\tdata-wp-class--has-modal-open=\"state.isMenuOpen\"\n\t\t\t\tdata-wp-class--is-menu-open=\"state.isMenuOpen\"\n\t\t\t\tdata-wp-watch=\"callbacks.initMenu\"\n\t\t\t\tdata-wp-on--keydown=\"actions.handleMenuKeydown\"\n\t\t\t\tdata-wp-on--focusout=\"actions.handleMenuFocusout\"\n\t\t\t\ttabindex=\"-1\"\n\t\t\t>\n\t\t\t\t\t<div class=\"wp-block-navigation__responsive-close\" tabindex=\"-1\">\n\t\t\t\t\t\t<div class=\"wp-block-navigation__responsive-dialog\" \n\t\t\t\tdata-wp-bind--aria-modal=\"state.ariaModal\"\n\t\t\t\tdata-wp-bind--aria-label=\"state.ariaLabel\"\n\t\t\t\tdata-wp-bind--role=\"state.roleAttribute\"\n\t\t\t>\n\t\t\t\t\t\t\t<button aria-label=\"Zamknij menu\" class=\"wp-block-navigation__responsive-container-close\" \n\t\t\t\tdata-wp-on--click=\"actions.closeMenuOnClick\"\n\t\t\t><svg xmlns=\"http:\/\/www.w3.org\/2000\/svg\" viewBox=\"0 0 24 24\" width=\"24\" height=\"24\" aria-hidden=\"true\" focusable=\"false\"><path d=\"m13.06 12 6.47-6.47-1.06-1.06L12 10.94 5.53 4.47 4.47 5.53 10.94 12l-6.47 6.47 1.06 1.06L12 13.06l6.47 6.47 1.06-1.06L13.06 12Z\"><\/path><\/svg><\/button>\n\t\t\t\t\t\t\t<div class=\"wp-block-navigation__responsive-container-content\" \n\t\t\t\tdata-wp-watch=\"callbacks.focusFirstElement\"\n\t\t\t id=\"modal-1-content\">\n\t\t\t\t\t\t\t\t<ul class=\"wp-block-navigation__container is-responsive wp-block-navigation\"><li class=\" wp-block-navigation-item wp-block-navigation-link\"><a class=\"wp-block-navigation-item__content\" ><span class=\"wp-block-navigation-item__label\">Wr\u00f3\u0107 na stron\u0119 ksi\u0105\u017cki<\/span><\/a><\/li><li class=\" wp-block-navigation-item wp-block-navigation-link\"><a class=\"wp-block-navigation-item__content\" ><span class=\"wp-block-navigation-item__label\">FAQ<\/span><\/a><\/li><li class=\" wp-block-navigation-item wp-block-navigation-link\"><a class=\"wp-block-navigation-item__content\" ><span class=\"wp-block-navigation-item__label\">Kontakt<\/span><\/a><\/li><\/ul>\n\t\t\t\t\t\t\t<\/div>\n\t\t\t\t\t\t<\/div>\n\t\t\t\t\t<\/div>\n\t\t\t\t<\/div><\/nav>\n\n\n<div class=\"wp-block-buttons is-layout-flex wp-block-buttons-is-layout-flex\">\n<div class=\"wp-block-button\"><a class=\"wp-block-button__link wp-element-button\" href=\"#pakiety\"><strong>Sprawd\u017a pakiety!<\/strong><\/a><\/div>\n<\/div>\n\n\r\n\r\n        <\/div><!-- \/.content -->\r\n      <\/div>\r\n    <\/div>\r\n  <\/div>\r\n\r\n  \n\n\n<div class=\"wp-block-group alignfull has-background is-layout-constrained wp-container-core-group-is-layout-0aea75bd wp-block-group-is-layout-constrained\" style=\"background-color:#152050;padding-top:var(--wp--preset--spacing--medium);padding-right:0;padding-bottom:var(--wp--preset--spacing--medium);padding-left:0\">\r\n  <header id=\"header-wrap-1\"  style=\"background-color:#152050; padding-top:var(--wp--preset--spacing--small);padding-bottom:var(--wp--preset--spacing--small);padding-left:0;padding-right:0;margin-top:var(--wp--preset--spacing--small);margin-bottom:var(--wp--preset--spacing--small);\" class=\"home-header-v1 alignwide text-align-left left-desc toc-content__target full-section alignwide wp-elements-fe2abde956908fb437c35ad182b33a75 wp-block-acf-header has-text-color has-white-color has-background\">\r\n\r\n    <div class=\"header-desc \">\r\n      <div class=\"desc\">\r\n        \n\n<h2 class=\"wp-block-heading alignfull has-white-color has-text-color has-link-color wp-elements-ffcc67a62420fc7842dd1a80d011e208\">Startupowcy &#8211; oferta dla firm<\/h2>\n\n\n\n<p>Z ksi\u0105\u017cki &#8222;Startupowcy&#8221; mog\u0105 czerpa\u0107 nie tylko przedsi\u0119biorcy, ale tak\u017ce ca\u0142e zespo\u0142y. Dlatego przygotowali\u015bmy specjaln\u0105 ofert\u0119 dla biznesu. Przy wi\u0119kszych zakupach oferujemy zni\u017cki i darmow\u0105 dostaw\u0119, a tak\u017ce nasz\u0105 prelekcj\u0119 i podpisywanie ksi\u0105\u017cek w Waszych firmach.<\/p>\n\n\n\n<p>Krzysztof Domaradzki &amp; Artur Kurasi\u0144ski<\/p>\n\n\n\n<div class=\"wp-block-buttons is-content-justification-left is-layout-flex wp-container-core-buttons-is-layout-fc4fd283 wp-block-buttons-is-layout-flex\">\n<div class=\"wp-block-button\"><a class=\"wp-block-button__link wp-element-button\" href=\"#pakiety\" style=\"padding-top:var(--wp--preset--spacing--small);padding-right:var(--wp--preset--spacing--medium);padding-bottom:var(--wp--preset--spacing--small);padding-left:var(--wp--preset--spacing--medium)\"><strong>Zam\u00f3w ksi\u0105\u017cki dla zespo\u0142u!<\/strong><\/a><\/div>\n<\/div>\n\n\r\n\r\n      <\/div><!-- \/.desc -->\r\n\r\n\r\n      \r\n                            <div class=\"element-wrapper\">\r\n            <div class=\"cover\">\r\n                              <img loading=\"lazy\" decoding=\"async\" src=\"https:\/\/b2b.startupowcy.pl\/wp-content\/uploads\/2023\/11\/111.png\" alt=\"Produkt\" width=\"973\" height=\"1024\">\r\n                          <\/div><!-- \/.cover -->\r\n          <\/div><!-- \/.element-wrapper -->\r\n        \r\n        \r\n      \r\n    <\/div><!-- \/.header-desc -->\r\n  <\/header><!-- \/.home-header-v1 -->\r\n\r\n<\/div>\n\n\n\r\n  <section id=\"pakiety\"  style=\"margin-top:var(--wp--preset--spacing--large);\" class=\"theme-title-wrap full-section alignwide text-align-left with-full-line alignwide wp-block-acf-section-title\">\r\n    <div class=\"theme-title\">\r\n      \n\n<h1 class=\"wp-block-heading has-text-align-center\">Ceny pakiet\u00f3w i \u015bwiadcze\u0144:<\/h1>\n\n\r\n    <\/div><!-- \/.subtitle -->\r\n  <\/section><!-- \/.full-section -->\r\n\r\n\r\n\n\n\r\n<section id=\"order-products-wrap-1\"  class=\"order-products-section-wrapper toc-content__target full-section alignwide text-align-left alignwide is-style-order-v4 wp-block-acf-order-products\">\r\n    <div class=\"order-products\">\r\n\r\n    \r\n                <div class=\"single-product\">\r\n                <div class=\"cover\">\r\n                  <\/div><!-- \/.cover -->\r\n        <div class=\"desc\">\r\n          <div class=\"title\">\r\n            <p>Pakiet #1<\/p>\r\n          <\/div><!-- \/.title -->\r\n          <div class=\"info\">\r\n            <p>\ud83d\udc49 100 egzemplarzy ksi\u0105\u017cki<br \/>\n\ud83d\udc49 rabat 15%<br \/>\n\ud83d\udc49 darmowa dostawa<\/p>\n          <\/div><!-- \/.info -->\r\n\r\n                      <div class=\"price-wrap with-discount\">\r\n              <strong>\r\n                6700,00&nbsp;              <\/strong>\r\n              <del>\r\n                7900,00&nbsp;              <\/del>\r\n            <\/div><!-- \/.price-wrap -->\r\n          \r\n          \r\n                      <div class=\"button-wrap bigger\">\r\n              <a href=\"https:\/\/startupowcy.salescrm.pl\/cart\/add_product\/9672\"><span>Kup teraz<\/span><\/a>\r\n            <\/div><!-- \/.button-wrap -->\r\n          \r\n                  <\/div><!-- \/.desc -->\r\n      <\/div><!-- \/.single-product -->\r\n                <div class=\"single-product\">\r\n                <div class=\"cover\">\r\n                  <\/div><!-- \/.cover -->\r\n        <div class=\"desc\">\r\n          <div class=\"title\">\r\n            <p>Pakiet #2<\/p>\r\n          <\/div><!-- \/.title -->\r\n          <div class=\"info\">\r\n            <p>\ud83d\udc49 200 egzemplarzy ksi\u0105\u017cki<br \/>\n\ud83d\udc49 rabat 15%<br \/>\n\ud83d\udc49 darmowa dostawa<br \/>\n\ud83d\udc49 prelekcja autor\u00f3w i podpisywanie ksi\u0105\u017cek w Waszej firmie<\/p>\n          <\/div><!-- \/.info -->\r\n\r\n                      <div class=\"price-wrap with-discount\">\r\n              <strong>\r\n                13,00&nbsp;              <\/strong>\r\n              <del>\r\n                15,00&nbsp;              <\/del>\r\n            <\/div><!-- \/.price-wrap -->\r\n          \r\n          \r\n                      <div class=\"button-wrap bigger\">\r\n              <a href=\"https:\/\/startupowcy.salescrm.pl\/cart\/add_product\/9673\"><span>Kup teraz<\/span><\/a>\r\n            <\/div><!-- \/.button-wrap -->\r\n          \r\n                  <\/div><!-- \/.desc -->\r\n      <\/div><!-- \/.single-product -->\r\n                <div class=\"single-product\">\r\n                <div class=\"cover\">\r\n                  <\/div><!-- \/.cover -->\r\n        <div class=\"desc\">\r\n          <div class=\"title\">\r\n            <p>Pakiet #3<\/p>\r\n          <\/div><!-- \/.title -->\r\n          <div class=\"info\">\r\n            <p>\ud83d\udc49 300 egzemplarzy ksi\u0105\u017cki<br \/>\n\ud83d\udc49 rabat 20%<br \/>\n\ud83d\udc49 darmowa dostawa<br \/>\n\ud83d\udc49 prelekcja autor\u00f3w i podpisywanie ksi\u0105\u017cek w Waszej firmie<\/p>\n          <\/div><!-- \/.info -->\r\n\r\n                      <div class=\"price-wrap with-discount\">\r\n              <strong>\r\n                19,00&nbsp;              <\/strong>\r\n              <del>\r\n                23,00&nbsp;              <\/del>\r\n            <\/div><!-- \/.price-wrap -->\r\n          \r\n          \r\n                      <div class=\"button-wrap bigger\">\r\n              <a href=\"https:\/\/startupowcy.salescrm.pl\/cart\/add_product\/9674\"><span>Kup teraz<\/span><\/a>\r\n            <\/div><!-- \/.button-wrap -->\r\n          \r\n                  <\/div><!-- \/.desc -->\r\n      <\/div><!-- \/.single-product -->\r\n    \r\n      <\/div><!-- \/.order-product order-product-v1 -->\r\n\r\n<\/section><!-- \/.full-section -->\r\n\n\n\r\n  <section id=\"title-wrap-2\"  style=\"margin-top:var(--wp--preset--spacing--large);\" class=\"theme-title-wrap full-section alignwide text-align-center with-full-line alignwide wp-block-acf-section-title\">\r\n    <div class=\"theme-title\">\r\n      \n\n<h1 class=\"wp-block-heading has-text-align-center\">FAQ (pytania i odpowiedzi):<\/h1>\n\n\r\n    <\/div><!-- \/.subtitle -->\r\n  <\/section><!-- \/.full-section -->\r\n\r\n\r\n\n\n\r\n  <section  class=\"faq-section-wrapper toc-content__target full-section alignstandard text-align-left alignstandard wp-block-acf-faq\">\r\n\r\n      \r\n      \r\n      <div class=\"faq-v1\">\r\n        <ul class=\"accordion js-accordion\" data-animation=\"on\" data-multi-items=\"on\">\r\n          \r\n          <li class=\"accordion__item accordion__item--is-open js-accordion__item\">\r\n            <button class=\"accordion__header js-tab-focus\" type=\"button\">\r\n              <span>Na czym polega pakiet z prelekcj\u0105?<\/span>\r\n\r\n              <svg class=\"accordion__icon-arrow \" viewBox=\"0 0 20 20\" aria-hidden=\"true\">\r\n                <g class=\"icon__group\" fill=\"none\" stroke=\"currentColor\" stroke-linecap=\"round\" stroke-linejoin=\"round\">\r\n                  <line x1=\"10\" y1=\"14\" x2=\"3\" y2=\"7\" \/>\r\n                  <line x1=\"17\" y1=\"7\" x2=\"10\" y2=\"14\" \/>\r\n                <\/g>\r\n              <\/svg>\r\n            <\/button>\r\n\r\n            <div class=\"accordion__panel js-accordion__panel\">\r\n              <div class=\"text-component\">\r\n                <p>Autorzy przyje\u017cd\u017caj\u0105 na miejsce wskazane przez Zamawiaj\u0105cego (na terenie Polski), wyg\u0142aszaj\u0105 prelekcj\u0119 na temat ksi\u0105\u017cki i polskiego rynku startupowego, a nast\u0119pnie podpisuj\u0105 \u201eStartupowc\u00f3w\u201d.<\/p>\n              <\/div>\r\n            <\/div>\r\n          <\/li>\r\n          \r\n          <li class=\"accordion__item  js-accordion__item\">\r\n            <button class=\"accordion__header js-tab-focus\" type=\"button\">\r\n              <span>Kiedy mo\u017cna um\u00f3wi\u0107 prelekcj\u0119?<\/span>\r\n\r\n              <svg class=\"accordion__icon-arrow \" viewBox=\"0 0 20 20\" aria-hidden=\"true\">\r\n                <g class=\"icon__group\" fill=\"none\" stroke=\"currentColor\" stroke-linecap=\"round\" stroke-linejoin=\"round\">\r\n                  <line x1=\"10\" y1=\"14\" x2=\"3\" y2=\"7\" \/>\r\n                  <line x1=\"17\" y1=\"7\" x2=\"10\" y2=\"14\" \/>\r\n                <\/g>\r\n              <\/svg>\r\n            <\/button>\r\n\r\n            <div class=\"accordion__panel js-accordion__panel\">\r\n              <div class=\"text-component\">\r\n                <p>Po z\u0142o\u017ceniu zam\u00f3wienia autorzy skontaktuj\u0105 si\u0119 z Zamawiaj\u0105cym, aby uzgodni\u0107 termin spotkania.<\/p>\n              <\/div>\r\n            <\/div>\r\n          <\/li>\r\n          \r\n        <\/ul>\r\n      <\/div><!-- \/.faq-v1 -->\r\n\r\n      \r\n  <\/section><!-- \/.full-section -->\r\n\r\n\r\n\n\n\n<div class=\"wp-block-group alignfull has-white-color has-text-color has-background has-link-color wp-elements-35cf07969aa934673f1156896fa4301f is-layout-constrained wp-block-group-is-layout-constrained\" style=\"background-color:#152050;margin-top:var(--wp--preset--spacing--large);margin-bottom:0;padding-top:var(--wp--preset--spacing--large);padding-bottom:var(--wp--preset--spacing--large)\">\r\n  <section id=\"title-wrap-3\"  class=\"theme-title-wrap full-section alignwide text-align-left with-full-line alignwide wp-elements-44642bdf54fd37cb768572b996f0b753 wp-block-acf-section-title has-text-color has-white-color\">\r\n    <div class=\"theme-title\">\r\n      \n\n<h1 class=\"wp-block-heading has-text-align-center has-white-color has-text-color has-link-color wp-elements-fda073a38f2baf2d9e9de7782db7758c\">Pytania w sprawie pakiet\u00f3w?<\/h1>\n\n\r\n    <\/div><!-- \/.subtitle -->\r\n  <\/section><!-- \/.full-section -->\r\n\r\n\r\n\n\n\r\n  <section id=\"contact-wrap-1\"  class=\"contact-section-wrapper toc-content__target full-section text-align-left alignwide wp-block-acf-contact\">\r\n\r\n\r\n            <div class=\"contact-wrapper contact-wrapper-v1\">\r\n        <p style=\"text-align: center;\">Jeste\u015bmy do dyspozycji pod adresem:<\/p>\n<p style=\"text-align: center; font-size: clamp(1.31rem, 0.89vw + 0.88rem, 1.69rem);\"><strong>artur@revolver.pll<\/strong><\/p>\n      <\/div><!-- \/.contact-wrapper contact-wrapper-v1 -->\r\n      \r\n      \r\n\r\n  <\/section><!-- \/.full-section -->\r\n\r\n\r\n<\/div>\n","protected":false},"excerpt":{"rendered":"","protected":false},"author":1,"featured_media":0,"parent":0,"menu_order":0,"comment_status":"closed","ping_status":"closed","template":"","meta":{"footnotes":""},"class_list":["post-4","page","type-page","status-publish","hentry"],"acf":[],"_links":{"self":[{"href":"https:\/\/b2b.startupowcy.pl\/index.php\/wp-json\/wp\/v2\/pages\/4","targetHints":{"allow":["GET"]}}],"collection":[{"href":"https:\/\/b2b.startupowcy.pl\/index.php\/wp-json\/wp\/v2\/pages"}],"about":[{"href":"https:\/\/b2b.startupowcy.pl\/index.php\/wp-json\/wp\/v2\/types\/page"}],"author":[{"embeddable":true,"href":"https:\/\/b2b.startupowcy.pl\/index.php\/wp-json\/wp\/v2\/users\/1"}],"replies":[{"embeddable":true,"href":"https:\/\/b2b.startupowcy.pl\/index.php\/wp-json\/wp\/v2\/comments?post=4"}],"version-history":[{"count":43,"href":"https:\/\/b2b.startupowcy.pl\/index.php\/wp-json\/wp\/v2\/pages\/4\/revisions"}],"predecessor-version":[{"id":62,"href":"https:\/\/b2b.startupowcy.pl\/index.php\/wp-json\/wp\/v2\/pages\/4\/revisions\/62"}],"wp:attachment":[{"href":"https:\/\/b2b.startupowcy.pl\/index.php\/wp-json\/wp\/v2\/media?parent=4"}],"curies":[{"name":"wp","href":"https:\/\/api.w.org\/{rel}","templated":true}]}}